{"id":501,"date":"2019-05-21T13:35:14","date_gmt":"2019-05-21T13:35:14","guid":{"rendered":"https:\/\/bledrose.com\/?page_id=501"},"modified":"2023-04-03T16:44:03","modified_gmt":"2023-04-03T14:44:03","slug":"piskotki","status":"publish","type":"page","link":"https:\/\/bledrose.com\/sl\/piskotki\/","title":{"rendered":"Politika uporabe pi\u0161kotov"},"content":{"rendered":"","protected":false},"excerpt":{"rendered":"... <a href=\"https:\/\/bledrose.com\/sl\/piskotki\/\">continue reading<\/a>.","protected":false},"author":5,"featured_media":0,"parent":0,"menu_order":99,"comment_status":"closed","ping_status":"closed","template":"","meta":{"_acf_changed":false,"inline_featured_image":false,"footnotes":""},"class_list":["post-501","page","type-page","status-publish","hentry"],"acf":[],"yoast_head":"<!-- This site is optimized with the Yoast SEO plugin v27.0 - https:\/\/yoast.com\/product\/yoast-seo-wordpress\/ -->\n<title>Politika uporabe pi\u0161kotov - Bled Rose<\/title>\n<meta name=\"description\" content=\"Spletna stran uporablja pi\u0161kotke za zagotavljanje najbolj\u0161e uporabni\u0161ke izku\u0161nje. Preberite ve\u010d o tem, kaj so in kako jih uporabljamo.\" \/>\n<meta name=\"robots\" content=\"index, follow, max-snippet:-1, max-image-preview:large, max-video-preview:-1\" \/>\n<link rel=\"canonical\" href=\"https:\/\/bledrose.com\/sl\/piskotki\/\" \/>\n<meta property=\"og:locale\" content=\"sl_SI\" \/>\n<meta property=\"og:type\" content=\"article\" \/>\n<meta property=\"og:title\" content=\"Politika uporabe pi\u0161kotov - Bled Rose\" \/>\n<meta property=\"og:description\" content=\"Spletna stran uporablja pi\u0161kotke za zagotavljanje najbolj\u0161e uporabni\u0161ke izku\u0161nje. Preberite ve\u010d o tem, kaj so in kako jih uporabljamo.\" \/>\n<meta property=\"og:url\" content=\"https:\/\/bledrose.com\/sl\/piskotki\/\" \/>\n<meta property=\"og:site_name\" content=\"Bled Rose\" \/>\n<meta property=\"article:modified_time\" content=\"2023-04-03T14:44:03+00:00\" \/>\n<meta property=\"og:image\" content=\"https:\/\/bledrose.com\/wp-content\/uploads\/2023\/03\/br-logo.png\" \/>\n\t<meta property=\"og:image:width\" content=\"696\" \/>\n\t<meta property=\"og:image:height\" content=\"675\" \/>\n\t<meta property=\"og:image:type\" content=\"image\/png\" \/>\n<meta name=\"twitter:card\" content=\"summary_large_image\" \/>\n<script type=\"application\/ld+json\" class=\"yoast-schema-graph\">{\"@context\":\"https:\/\/schema.org\",\"@graph\":[{\"@type\":\"WebPage\",\"@id\":\"https:\/\/bledrose.com\/sl\/piskotki\/\",\"url\":\"https:\/\/bledrose.com\/sl\/piskotki\/\",\"name\":\"Politika uporabe pi\u0161kotov - Bled Rose\",\"isPartOf\":{\"@id\":\"https:\/\/bledrose.com\/sl\/#website\"},\"datePublished\":\"2019-05-21T13:35:14+00:00\",\"dateModified\":\"2023-04-03T14:44:03+00:00\",\"description\":\"Spletna stran uporablja pi\u0161kotke za zagotavljanje najbolj\u0161e uporabni\u0161ke izku\u0161nje. Preberite ve\u010d o tem, kaj so in kako jih uporabljamo.\",\"breadcrumb\":{\"@id\":\"https:\/\/bledrose.com\/sl\/piskotki\/#breadcrumb\"},\"inLanguage\":\"sl-SI\",\"potentialAction\":[{\"@type\":\"ReadAction\",\"target\":[\"https:\/\/bledrose.com\/sl\/piskotki\/\"]}]},{\"@type\":\"BreadcrumbList\",\"@id\":\"https:\/\/bledrose.com\/sl\/piskotki\/#breadcrumb\",\"itemListElement\":[{\"@type\":\"ListItem\",\"position\":1,\"name\":\"Home\",\"item\":\"https:\/\/bledrose.com\/sl\/\"},{\"@type\":\"ListItem\",\"position\":2,\"name\":\"Politika uporabe pi\u0161kotov\"}]},{\"@type\":\"WebSite\",\"@id\":\"https:\/\/bledrose.com\/sl\/#website\",\"url\":\"https:\/\/bledrose.com\/sl\/\",\"name\":\"Bled Rose\",\"description\":\"Hotel, \u010daroben kot Bled\",\"publisher\":{\"@id\":\"https:\/\/bledrose.com\/sl\/#organization\"},\"potentialAction\":[{\"@type\":\"SearchAction\",\"target\":{\"@type\":\"EntryPoint\",\"urlTemplate\":\"https:\/\/bledrose.com\/sl\/?s={search_term_string}\"},\"query-input\":{\"@type\":\"PropertyValueSpecification\",\"valueRequired\":true,\"valueName\":\"search_term_string\"}}],\"inLanguage\":\"sl-SI\"},{\"@type\":\"Organization\",\"@id\":\"https:\/\/bledrose.com\/sl\/#organization\",\"name\":\"Bled Rose Hotel\",\"alternateName\":\"Bled Rose\",\"url\":\"https:\/\/bledrose.com\/sl\/\",\"logo\":{\"@type\":\"ImageObject\",\"inLanguage\":\"sl-SI\",\"@id\":\"https:\/\/bledrose.com\/sl\/#\/schema\/logo\/image\/\",\"url\":\"https:\/\/bledrose.com\/wp-content\/uploads\/2023\/03\/br-logo-1.png\",\"contentUrl\":\"https:\/\/bledrose.com\/wp-content\/uploads\/2023\/03\/br-logo-1.png\",\"width\":696,\"height\":696,\"caption\":\"Bled Rose Hotel\"},\"image\":{\"@id\":\"https:\/\/bledrose.com\/sl\/#\/schema\/logo\/image\/\"}},{\"@type\":\"SiteNavigationElement\",\"@id\":\"https:\/\/bledrose.com\/sl\/#nav-8999\",\"name\":\"Hotel in sobe\",\"url\":\"https:\/\/bledrose.com\/sl\/hotel-in-sobe\/\"},{\"@type\":\"SiteNavigationElement\",\"@id\":\"https:\/\/bledrose.com\/sl\/#nav-9000\",\"name\":\"Kulinarika\",\"url\":\"https:\/\/bledrose.com\/sl\/kulinarika\/\"},{\"@type\":\"SiteNavigationElement\",\"@id\":\"https:\/\/bledrose.com\/sl\/#nav-9001\",\"name\":\"Wellness in selfness\",\"url\":\"https:\/\/bledrose.com\/sl\/wellness-in-selfness\/\"},{\"@type\":\"SiteNavigationElement\",\"@id\":\"https:\/\/bledrose.com\/sl\/#nav-9002\",\"name\":\"Poroke\",\"url\":\"https:\/\/bledrose.com\/sl\/osebni-dogodki\/poroke\/\"},{\"@type\":\"SiteNavigationElement\",\"@id\":\"https:\/\/bledrose.com\/sl\/#nav-9004\",\"name\":\"Osebni dogodki\",\"url\":\"https:\/\/bledrose.com\/sl\/osebni-dogodki\/\",\"hasPart\":[{\"@type\":\"SiteNavigationElement\",\"@id\":\"https:\/\/bledrose.com\/sl\/#nav-9005\",\"name\":\"Zaroke\",\"url\":\"https:\/\/bledrose.com\/sl\/osebni-dogodki\/zaroke\/\"},{\"@type\":\"SiteNavigationElement\",\"@id\":\"https:\/\/bledrose.com\/sl\/#nav-9006\",\"name\":\"Dekli\u0161\u010dine\",\"url\":\"https:\/\/bledrose.com\/sl\/osebni-dogodki\/dekliscine\/\"},{\"@type\":\"SiteNavigationElement\",\"@id\":\"https:\/\/bledrose.com\/sl\/#nav-9007\",\"name\":\"Rojstnodnevna praznovanja\",\"url\":\"https:\/\/bledrose.com\/sl\/osebni-dogodki\/rojstnodnevna-praznovanja\/\"},{\"@type\":\"SiteNavigationElement\",\"@id\":\"https:\/\/bledrose.com\/sl\/#nav-9008\",\"name\":\"Babyshower &#038; Gender reveals zabave\",\"url\":\"https:\/\/bledrose.com\/sl\/osebni-dogodki\/babyshower-gender-reveals\/\"},{\"@type\":\"SiteNavigationElement\",\"@id\":\"https:\/\/bledrose.com\/sl\/#nav-9009\",\"name\":\"Obletnice poroke\",\"url\":\"https:\/\/bledrose.com\/sl\/osebni-dogodki\/obletnice-poroke\/\"}]},{\"@type\":\"SiteNavigationElement\",\"@id\":\"https:\/\/bledrose.com\/sl\/#nav-9010\",\"name\":\"Poslovni dogodki\",\"url\":\"https:\/\/bledrose.com\/sl\/poslovni-dogodki\/\"}]}<\/script>\n<!-- \/ Yoast SEO plugin. -->","yoast_head_json":{"title":"Politika uporabe pi\u0161kotov - Bled Rose","description":"Spletna stran uporablja pi\u0161kotke za zagotavljanje najbolj\u0161e uporabni\u0161ke izku\u0161nje. Preberite ve\u010d o tem, kaj so in kako jih uporabljamo.","robots":{"index":"index","follow":"follow","max-snippet":"max-snippet:-1","max-image-preview":"max-image-preview:large","max-video-preview":"max-video-preview:-1"},"canonical":"https:\/\/bledrose.com\/sl\/piskotki\/","og_locale":"sl_SI","og_type":"article","og_title":"Politika uporabe pi\u0161kotov - Bled Rose","og_description":"Spletna stran uporablja pi\u0161kotke za zagotavljanje najbolj\u0161e uporabni\u0161ke izku\u0161nje. Preberite ve\u010d o tem, kaj so in kako jih uporabljamo.","og_url":"https:\/\/bledrose.com\/sl\/piskotki\/","og_site_name":"Bled Rose","article_modified_time":"2023-04-03T14:44:03+00:00","og_image":[{"width":696,"height":675,"url":"https:\/\/bledrose.com\/wp-content\/uploads\/2023\/03\/br-logo.png","type":"image\/png"}],"twitter_card":"summary_large_image","schema":{"@context":"https:\/\/schema.org","@graph":[{"@type":"WebPage","@id":"https:\/\/bledrose.com\/sl\/piskotki\/","url":"https:\/\/bledrose.com\/sl\/piskotki\/","name":"Politika uporabe pi\u0161kotov - Bled Rose","isPartOf":{"@id":"https:\/\/bledrose.com\/sl\/#website"},"datePublished":"2019-05-21T13:35:14+00:00","dateModified":"2023-04-03T14:44:03+00:00","description":"Spletna stran uporablja pi\u0161kotke za zagotavljanje najbolj\u0161e uporabni\u0161ke izku\u0161nje. Preberite ve\u010d o tem, kaj so in kako jih uporabljamo.","breadcrumb":{"@id":"https:\/\/bledrose.com\/sl\/piskotki\/#breadcrumb"},"inLanguage":"sl-SI","potentialAction":[{"@type":"ReadAction","target":["https:\/\/bledrose.com\/sl\/piskotki\/"]}]},{"@type":"BreadcrumbList","@id":"https:\/\/bledrose.com\/sl\/piskotki\/#breadcrumb","itemListElement":[{"@type":"ListItem","position":1,"name":"Home","item":"https:\/\/bledrose.com\/sl\/"},{"@type":"ListItem","position":2,"name":"Politika uporabe pi\u0161kotov"}]},{"@type":"WebSite","@id":"https:\/\/bledrose.com\/sl\/#website","url":"https:\/\/bledrose.com\/sl\/","name":"Bled Rose","description":"Hotel, \u010daroben kot Bled","publisher":{"@id":"https:\/\/bledrose.com\/sl\/#organization"},"potentialAction":[{"@type":"SearchAction","target":{"@type":"EntryPoint","urlTemplate":"https:\/\/bledrose.com\/sl\/?s={search_term_string}"},"query-input":{"@type":"PropertyValueSpecification","valueRequired":true,"valueName":"search_term_string"}}],"inLanguage":"sl-SI"},{"@type":"Organization","@id":"https:\/\/bledrose.com\/sl\/#organization","name":"Bled Rose Hotel","alternateName":"Bled Rose","url":"https:\/\/bledrose.com\/sl\/","logo":{"@type":"ImageObject","inLanguage":"sl-SI","@id":"https:\/\/bledrose.com\/sl\/#\/schema\/logo\/image\/","url":"https:\/\/bledrose.com\/wp-content\/uploads\/2023\/03\/br-logo-1.png","contentUrl":"https:\/\/bledrose.com\/wp-content\/uploads\/2023\/03\/br-logo-1.png","width":696,"height":696,"caption":"Bled Rose Hotel"},"image":{"@id":"https:\/\/bledrose.com\/sl\/#\/schema\/logo\/image\/"}},{"@type":"SiteNavigationElement","@id":"https:\/\/bledrose.com\/sl\/#nav-8999","name":"Hotel in sobe","url":"https:\/\/bledrose.com\/sl\/hotel-in-sobe\/"},{"@type":"SiteNavigationElement","@id":"https:\/\/bledrose.com\/sl\/#nav-9000","name":"Kulinarika","url":"https:\/\/bledrose.com\/sl\/kulinarika\/"},{"@type":"SiteNavigationElement","@id":"https:\/\/bledrose.com\/sl\/#nav-9001","name":"Wellness in selfness","url":"https:\/\/bledrose.com\/sl\/wellness-in-selfness\/"},{"@type":"SiteNavigationElement","@id":"https:\/\/bledrose.com\/sl\/#nav-9002","name":"Poroke","url":"https:\/\/bledrose.com\/sl\/osebni-dogodki\/poroke\/"},{"@type":"SiteNavigationElement","@id":"https:\/\/bledrose.com\/sl\/#nav-9004","name":"Osebni dogodki","url":"https:\/\/bledrose.com\/sl\/osebni-dogodki\/","hasPart":[{"@type":"SiteNavigationElement","@id":"https:\/\/bledrose.com\/sl\/#nav-9005","name":"Zaroke","url":"https:\/\/bledrose.com\/sl\/osebni-dogodki\/zaroke\/"},{"@type":"SiteNavigationElement","@id":"https:\/\/bledrose.com\/sl\/#nav-9006","name":"Dekli\u0161\u010dine","url":"https:\/\/bledrose.com\/sl\/osebni-dogodki\/dekliscine\/"},{"@type":"SiteNavigationElement","@id":"https:\/\/bledrose.com\/sl\/#nav-9007","name":"Rojstnodnevna praznovanja","url":"https:\/\/bledrose.com\/sl\/osebni-dogodki\/rojstnodnevna-praznovanja\/"},{"@type":"SiteNavigationElement","@id":"https:\/\/bledrose.com\/sl\/#nav-9008","name":"Babyshower &#038; Gender reveals zabave","url":"https:\/\/bledrose.com\/sl\/osebni-dogodki\/babyshower-gender-reveals\/"},{"@type":"SiteNavigationElement","@id":"https:\/\/bledrose.com\/sl\/#nav-9009","name":"Obletnice poroke","url":"https:\/\/bledrose.com\/sl\/osebni-dogodki\/obletnice-poroke\/"}]},{"@type":"SiteNavigationElement","@id":"https:\/\/bledrose.com\/sl\/#nav-9010","name":"Poslovni dogodki","url":"https:\/\/bledrose.com\/sl\/poslovni-dogodki\/"}]}},"_links":{"self":[{"href":"https:\/\/bledrose.com\/sl\/wp-json\/wp\/v2\/pages\/501","targetHints":{"allow":["GET"]}}],"collection":[{"href":"https:\/\/bledrose.com\/sl\/wp-json\/wp\/v2\/pages"}],"about":[{"href":"https:\/\/bledrose.com\/sl\/wp-json\/wp\/v2\/types\/page"}],"author":[{"embeddable":true,"href":"https:\/\/bledrose.com\/sl\/wp-json\/wp\/v2\/users\/5"}],"replies":[{"embeddable":true,"href":"https:\/\/bledrose.com\/sl\/wp-json\/wp\/v2\/comments?post=501"}],"version-history":[{"count":21,"href":"https:\/\/bledrose.com\/sl\/wp-json\/wp\/v2\/pages\/501\/revisions"}],"predecessor-version":[{"id":1670,"href":"https:\/\/bledrose.com\/sl\/wp-json\/wp\/v2\/pages\/501\/revisions\/1670"}],"wp:attachment":[{"href":"https:\/\/bledrose.com\/sl\/wp-json\/wp\/v2\/media?parent=501"}],"curies":[{"name":"wp","href":"https:\/\/api.w.org\/{rel}","templated":true}]}}