{"id":416,"date":"2019-05-17T14:32:32","date_gmt":"2019-05-17T14:32:32","guid":{"rendered":"https:\/\/bledrose.com\/?page_id=416"},"modified":"2023-03-03T10:50:27","modified_gmt":"2023-03-03T09:50:27","slug":"poroka-v-bled-rose-hotelu","status":"publish","type":"page","link":"https:\/\/bledrose.com\/sl\/osebni-dogodki\/poroke\/poroka-v-bled-rose-hotelu\/","title":{"rendered":"Poroka v Bled Rose hotelu"},"content":{"rendered":"","protected":false},"excerpt":{"rendered":"... <a href=\"https:\/\/bledrose.com\/sl\/osebni-dogodki\/poroke\/poroka-v-bled-rose-hotelu\/\">continue reading<\/a>.","protected":false},"author":5,"featured_media":0,"parent":259,"menu_order":1,"comment_status":"closed","ping_status":"closed","template":"pages\/page_weddings-subpage.php","meta":{"_acf_changed":false,"inline_featured_image":false,"footnotes":""},"class_list":["post-416","page","type-page","status-publish","hentry"],"acf":[],"yoast_head":"<!-- This site is optimized with the Yoast SEO plugin v27.3 - https:\/\/yoast.com\/product\/yoast-seo-wordpress\/ -->\n<title>Poro\u010dni obred in poro\u010dno slavje na Bledu | Bled Rose hotel<\/title>\n<meta name=\"description\" content=\"Je poroka na prostem va\u0161a sanjska poroka? Za vas lahko pripravimo poro\u010dni obred na prostem in poro\u010dno slavje za do 250 svatov. Preverite dva programa za poro\u010dni obred, ki smo ju zasnovali za vas.\" \/>\n<meta name=\"robots\" content=\"index, follow, max-snippet:-1, max-image-preview:large, max-video-preview:-1\" \/>\n<link rel=\"canonical\" href=\"https:\/\/bledrose.com\/sl\/osebni-dogodki\/poroke\/poroka-v-bled-rose-hotelu\/\" \/>\n<meta property=\"og:locale\" content=\"sl_SI\" \/>\n<meta property=\"og:type\" content=\"article\" \/>\n<meta property=\"og:title\" content=\"Poro\u010dni obred in poro\u010dno slavje na Bledu | Bled Rose hotel\" \/>\n<meta property=\"og:description\" content=\"Je poroka na prostem va\u0161a sanjska poroka? Za vas lahko pripravimo poro\u010dni obred na prostem in poro\u010dno slavje za do 250 svatov. Preverite dva programa za poro\u010dni obred, ki smo ju zasnovali za vas.\" \/>\n<meta property=\"og:url\" content=\"https:\/\/bledrose.com\/sl\/osebni-dogodki\/poroke\/poroka-v-bled-rose-hotelu\/\" \/>\n<meta property=\"og:site_name\" content=\"Bled Rose\" \/>\n<meta property=\"article:modified_time\" content=\"2023-03-03T09:50:27+00:00\" \/>\n<meta property=\"og:image\" content=\"https:\/\/bledrose.com\/wp-content\/uploads\/2023\/03\/br-logo.png\" \/>\n\t<meta property=\"og:image:width\" content=\"696\" \/>\n\t<meta property=\"og:image:height\" content=\"675\" \/>\n\t<meta property=\"og:image:type\" content=\"image\/png\" \/>\n<meta name=\"twitter:card\" content=\"summary_large_image\" \/>\n<script type=\"application\/ld+json\" class=\"yoast-schema-graph\">{\"@context\":\"https:\\\/\\\/schema.org\",\"@graph\":[{\"@type\":\"WebPage\",\"@id\":\"https:\\\/\\\/bledrose.com\\\/sl\\\/osebni-dogodki\\\/poroke\\\/poroka-v-bled-rose-hotelu\\\/\",\"url\":\"https:\\\/\\\/bledrose.com\\\/sl\\\/osebni-dogodki\\\/poroke\\\/poroka-v-bled-rose-hotelu\\\/\",\"name\":\"Poro\u010dni obred in poro\u010dno slavje na Bledu | Bled Rose hotel\",\"isPartOf\":{\"@id\":\"https:\\\/\\\/bledrose.com\\\/sl\\\/#website\"},\"datePublished\":\"2019-05-17T14:32:32+00:00\",\"dateModified\":\"2023-03-03T09:50:27+00:00\",\"description\":\"Je poroka na prostem va\u0161a sanjska poroka? Za vas lahko pripravimo poro\u010dni obred na prostem in poro\u010dno slavje za do 250 svatov. Preverite dva programa za poro\u010dni obred, ki smo ju zasnovali za vas.\",\"breadcrumb\":{\"@id\":\"https:\\\/\\\/bledrose.com\\\/sl\\\/osebni-dogodki\\\/poroke\\\/poroka-v-bled-rose-hotelu\\\/#breadcrumb\"},\"inLanguage\":\"sl-SI\",\"potentialAction\":[{\"@type\":\"ReadAction\",\"target\":[\"https:\\\/\\\/bledrose.com\\\/sl\\\/osebni-dogodki\\\/poroke\\\/poroka-v-bled-rose-hotelu\\\/\"]}]},{\"@type\":\"BreadcrumbList\",\"@id\":\"https:\\\/\\\/bledrose.com\\\/sl\\\/osebni-dogodki\\\/poroke\\\/poroka-v-bled-rose-hotelu\\\/#breadcrumb\",\"itemListElement\":[{\"@type\":\"ListItem\",\"position\":1,\"name\":\"Home\",\"item\":\"https:\\\/\\\/bledrose.com\\\/sl\\\/\"},{\"@type\":\"ListItem\",\"position\":2,\"name\":\"Osebni dogodki\",\"item\":\"https:\\\/\\\/bledrose.com\\\/sl\\\/osebni-dogodki\\\/\"},{\"@type\":\"ListItem\",\"position\":3,\"name\":\"Poroke\",\"item\":\"https:\\\/\\\/bledrose.com\\\/sl\\\/osebni-dogodki\\\/poroke\\\/\"},{\"@type\":\"ListItem\",\"position\":4,\"name\":\"Poroka v Bled Rose hotelu\"}]},{\"@type\":\"WebSite\",\"@id\":\"https:\\\/\\\/bledrose.com\\\/sl\\\/#website\",\"url\":\"https:\\\/\\\/bledrose.com\\\/sl\\\/\",\"name\":\"Bled Rose\",\"description\":\"Hotel, \u010daroben kot Bled\",\"publisher\":{\"@id\":\"https:\\\/\\\/bledrose.com\\\/sl\\\/#organization\"},\"potentialAction\":[{\"@type\":\"SearchAction\",\"target\":{\"@type\":\"EntryPoint\",\"urlTemplate\":\"https:\\\/\\\/bledrose.com\\\/sl\\\/?s={search_term_string}\"},\"query-input\":{\"@type\":\"PropertyValueSpecification\",\"valueRequired\":true,\"valueName\":\"search_term_string\"}}],\"inLanguage\":\"sl-SI\"},{\"@type\":\"Organization\",\"@id\":\"https:\\\/\\\/bledrose.com\\\/sl\\\/#organization\",\"name\":\"Bled Rose Hotel\",\"alternateName\":\"Bled Rose\",\"url\":\"https:\\\/\\\/bledrose.com\\\/sl\\\/\",\"logo\":{\"@type\":\"ImageObject\",\"inLanguage\":\"sl-SI\",\"@id\":\"https:\\\/\\\/bledrose.com\\\/sl\\\/#\\\/schema\\\/logo\\\/image\\\/\",\"url\":\"https:\\\/\\\/bledrose.com\\\/wp-content\\\/uploads\\\/2023\\\/03\\\/br-logo-1.png\",\"contentUrl\":\"https:\\\/\\\/bledrose.com\\\/wp-content\\\/uploads\\\/2023\\\/03\\\/br-logo-1.png\",\"width\":696,\"height\":696,\"caption\":\"Bled Rose Hotel\"},\"image\":{\"@id\":\"https:\\\/\\\/bledrose.com\\\/sl\\\/#\\\/schema\\\/logo\\\/image\\\/\"}},{\"@type\":\"SiteNavigationElement\",\"@id\":\"https:\\\/\\\/bledrose.com\\\/sl\\\/#nav-8999\",\"name\":\"Hotel in sobe\",\"url\":\"https:\\\/\\\/bledrose.com\\\/sl\\\/hotel-in-sobe\\\/\"},{\"@type\":\"SiteNavigationElement\",\"@id\":\"https:\\\/\\\/bledrose.com\\\/sl\\\/#nav-9000\",\"name\":\"Kulinarika\",\"url\":\"https:\\\/\\\/bledrose.com\\\/sl\\\/kulinarika\\\/\"},{\"@type\":\"SiteNavigationElement\",\"@id\":\"https:\\\/\\\/bledrose.com\\\/sl\\\/#nav-9001\",\"name\":\"Wellness in selfness\",\"url\":\"https:\\\/\\\/bledrose.com\\\/sl\\\/wellness-in-selfness\\\/\"},{\"@type\":\"SiteNavigationElement\",\"@id\":\"https:\\\/\\\/bledrose.com\\\/sl\\\/#nav-9002\",\"name\":\"Poroke\",\"url\":\"https:\\\/\\\/bledrose.com\\\/sl\\\/osebni-dogodki\\\/poroke\\\/\"},{\"@type\":\"SiteNavigationElement\",\"@id\":\"https:\\\/\\\/bledrose.com\\\/sl\\\/#nav-9004\",\"name\":\"Osebni dogodki\",\"url\":\"https:\\\/\\\/bledrose.com\\\/sl\\\/osebni-dogodki\\\/\",\"hasPart\":[{\"@type\":\"SiteNavigationElement\",\"@id\":\"https:\\\/\\\/bledrose.com\\\/sl\\\/#nav-9005\",\"name\":\"Zaroke\",\"url\":\"https:\\\/\\\/bledrose.com\\\/sl\\\/osebni-dogodki\\\/zaroke\\\/\"},{\"@type\":\"SiteNavigationElement\",\"@id\":\"https:\\\/\\\/bledrose.com\\\/sl\\\/#nav-9006\",\"name\":\"Dekli\u0161\u010dine\",\"url\":\"https:\\\/\\\/bledrose.com\\\/sl\\\/osebni-dogodki\\\/dekliscine\\\/\"},{\"@type\":\"SiteNavigationElement\",\"@id\":\"https:\\\/\\\/bledrose.com\\\/sl\\\/#nav-9007\",\"name\":\"Rojstnodnevna praznovanja\",\"url\":\"https:\\\/\\\/bledrose.com\\\/sl\\\/osebni-dogodki\\\/rojstnodnevna-praznovanja\\\/\"},{\"@type\":\"SiteNavigationElement\",\"@id\":\"https:\\\/\\\/bledrose.com\\\/sl\\\/#nav-9008\",\"name\":\"Babyshower &#038; Gender reveals zabave\",\"url\":\"https:\\\/\\\/bledrose.com\\\/sl\\\/osebni-dogodki\\\/babyshower-gender-reveals\\\/\"},{\"@type\":\"SiteNavigationElement\",\"@id\":\"https:\\\/\\\/bledrose.com\\\/sl\\\/#nav-9009\",\"name\":\"Obletnice poroke\",\"url\":\"https:\\\/\\\/bledrose.com\\\/sl\\\/osebni-dogodki\\\/obletnice-poroke\\\/\"}]},{\"@type\":\"SiteNavigationElement\",\"@id\":\"https:\\\/\\\/bledrose.com\\\/sl\\\/#nav-9010\",\"name\":\"Poslovni dogodki\",\"url\":\"https:\\\/\\\/bledrose.com\\\/sl\\\/poslovni-dogodki\\\/\"}]}<\/script>\n<!-- \/ Yoast SEO plugin. -->","yoast_head_json":{"title":"Poro\u010dni obred in poro\u010dno slavje na Bledu | Bled Rose hotel","description":"Je poroka na prostem va\u0161a sanjska poroka? Za vas lahko pripravimo poro\u010dni obred na prostem in poro\u010dno slavje za do 250 svatov. Preverite dva programa za poro\u010dni obred, ki smo ju zasnovali za vas.","robots":{"index":"index","follow":"follow","max-snippet":"max-snippet:-1","max-image-preview":"max-image-preview:large","max-video-preview":"max-video-preview:-1"},"canonical":"https:\/\/bledrose.com\/sl\/osebni-dogodki\/poroke\/poroka-v-bled-rose-hotelu\/","og_locale":"sl_SI","og_type":"article","og_title":"Poro\u010dni obred in poro\u010dno slavje na Bledu | Bled Rose hotel","og_description":"Je poroka na prostem va\u0161a sanjska poroka? Za vas lahko pripravimo poro\u010dni obred na prostem in poro\u010dno slavje za do 250 svatov. Preverite dva programa za poro\u010dni obred, ki smo ju zasnovali za vas.","og_url":"https:\/\/bledrose.com\/sl\/osebni-dogodki\/poroke\/poroka-v-bled-rose-hotelu\/","og_site_name":"Bled Rose","article_modified_time":"2023-03-03T09:50:27+00:00","og_image":[{"width":696,"height":675,"url":"https:\/\/bledrose.com\/wp-content\/uploads\/2023\/03\/br-logo.png","type":"image\/png"}],"twitter_card":"summary_large_image","schema":{"@context":"https:\/\/schema.org","@graph":[{"@type":"WebPage","@id":"https:\/\/bledrose.com\/sl\/osebni-dogodki\/poroke\/poroka-v-bled-rose-hotelu\/","url":"https:\/\/bledrose.com\/sl\/osebni-dogodki\/poroke\/poroka-v-bled-rose-hotelu\/","name":"Poro\u010dni obred in poro\u010dno slavje na Bledu | Bled Rose hotel","isPartOf":{"@id":"https:\/\/bledrose.com\/sl\/#website"},"datePublished":"2019-05-17T14:32:32+00:00","dateModified":"2023-03-03T09:50:27+00:00","description":"Je poroka na prostem va\u0161a sanjska poroka? Za vas lahko pripravimo poro\u010dni obred na prostem in poro\u010dno slavje za do 250 svatov. Preverite dva programa za poro\u010dni obred, ki smo ju zasnovali za vas.","breadcrumb":{"@id":"https:\/\/bledrose.com\/sl\/osebni-dogodki\/poroke\/poroka-v-bled-rose-hotelu\/#breadcrumb"},"inLanguage":"sl-SI","potentialAction":[{"@type":"ReadAction","target":["https:\/\/bledrose.com\/sl\/osebni-dogodki\/poroke\/poroka-v-bled-rose-hotelu\/"]}]},{"@type":"BreadcrumbList","@id":"https:\/\/bledrose.com\/sl\/osebni-dogodki\/poroke\/poroka-v-bled-rose-hotelu\/#breadcrumb","itemListElement":[{"@type":"ListItem","position":1,"name":"Home","item":"https:\/\/bledrose.com\/sl\/"},{"@type":"ListItem","position":2,"name":"Osebni dogodki","item":"https:\/\/bledrose.com\/sl\/osebni-dogodki\/"},{"@type":"ListItem","position":3,"name":"Poroke","item":"https:\/\/bledrose.com\/sl\/osebni-dogodki\/poroke\/"},{"@type":"ListItem","position":4,"name":"Poroka v Bled Rose hotelu"}]},{"@type":"WebSite","@id":"https:\/\/bledrose.com\/sl\/#website","url":"https:\/\/bledrose.com\/sl\/","name":"Bled Rose","description":"Hotel, \u010daroben kot Bled","publisher":{"@id":"https:\/\/bledrose.com\/sl\/#organization"},"potentialAction":[{"@type":"SearchAction","target":{"@type":"EntryPoint","urlTemplate":"https:\/\/bledrose.com\/sl\/?s={search_term_string}"},"query-input":{"@type":"PropertyValueSpecification","valueRequired":true,"valueName":"search_term_string"}}],"inLanguage":"sl-SI"},{"@type":"Organization","@id":"https:\/\/bledrose.com\/sl\/#organization","name":"Bled Rose Hotel","alternateName":"Bled Rose","url":"https:\/\/bledrose.com\/sl\/","logo":{"@type":"ImageObject","inLanguage":"sl-SI","@id":"https:\/\/bledrose.com\/sl\/#\/schema\/logo\/image\/","url":"https:\/\/bledrose.com\/wp-content\/uploads\/2023\/03\/br-logo-1.png","contentUrl":"https:\/\/bledrose.com\/wp-content\/uploads\/2023\/03\/br-logo-1.png","width":696,"height":696,"caption":"Bled Rose Hotel"},"image":{"@id":"https:\/\/bledrose.com\/sl\/#\/schema\/logo\/image\/"}},{"@type":"SiteNavigationElement","@id":"https:\/\/bledrose.com\/sl\/#nav-8999","name":"Hotel in sobe","url":"https:\/\/bledrose.com\/sl\/hotel-in-sobe\/"},{"@type":"SiteNavigationElement","@id":"https:\/\/bledrose.com\/sl\/#nav-9000","name":"Kulinarika","url":"https:\/\/bledrose.com\/sl\/kulinarika\/"},{"@type":"SiteNavigationElement","@id":"https:\/\/bledrose.com\/sl\/#nav-9001","name":"Wellness in selfness","url":"https:\/\/bledrose.com\/sl\/wellness-in-selfness\/"},{"@type":"SiteNavigationElement","@id":"https:\/\/bledrose.com\/sl\/#nav-9002","name":"Poroke","url":"https:\/\/bledrose.com\/sl\/osebni-dogodki\/poroke\/"},{"@type":"SiteNavigationElement","@id":"https:\/\/bledrose.com\/sl\/#nav-9004","name":"Osebni dogodki","url":"https:\/\/bledrose.com\/sl\/osebni-dogodki\/","hasPart":[{"@type":"SiteNavigationElement","@id":"https:\/\/bledrose.com\/sl\/#nav-9005","name":"Zaroke","url":"https:\/\/bledrose.com\/sl\/osebni-dogodki\/zaroke\/"},{"@type":"SiteNavigationElement","@id":"https:\/\/bledrose.com\/sl\/#nav-9006","name":"Dekli\u0161\u010dine","url":"https:\/\/bledrose.com\/sl\/osebni-dogodki\/dekliscine\/"},{"@type":"SiteNavigationElement","@id":"https:\/\/bledrose.com\/sl\/#nav-9007","name":"Rojstnodnevna praznovanja","url":"https:\/\/bledrose.com\/sl\/osebni-dogodki\/rojstnodnevna-praznovanja\/"},{"@type":"SiteNavigationElement","@id":"https:\/\/bledrose.com\/sl\/#nav-9008","name":"Babyshower &#038; Gender reveals zabave","url":"https:\/\/bledrose.com\/sl\/osebni-dogodki\/babyshower-gender-reveals\/"},{"@type":"SiteNavigationElement","@id":"https:\/\/bledrose.com\/sl\/#nav-9009","name":"Obletnice poroke","url":"https:\/\/bledrose.com\/sl\/osebni-dogodki\/obletnice-poroke\/"}]},{"@type":"SiteNavigationElement","@id":"https:\/\/bledrose.com\/sl\/#nav-9010","name":"Poslovni dogodki","url":"https:\/\/bledrose.com\/sl\/poslovni-dogodki\/"}]}},"_links":{"self":[{"href":"https:\/\/bledrose.com\/sl\/wp-json\/wp\/v2\/pages\/416","targetHints":{"allow":["GET"]}}],"collection":[{"href":"https:\/\/bledrose.com\/sl\/wp-json\/wp\/v2\/pages"}],"about":[{"href":"https:\/\/bledrose.com\/sl\/wp-json\/wp\/v2\/types\/page"}],"author":[{"embeddable":true,"href":"https:\/\/bledrose.com\/sl\/wp-json\/wp\/v2\/users\/5"}],"replies":[{"embeddable":true,"href":"https:\/\/bledrose.com\/sl\/wp-json\/wp\/v2\/comments?post=416"}],"version-history":[{"count":10,"href":"https:\/\/bledrose.com\/sl\/wp-json\/wp\/v2\/pages\/416\/revisions"}],"predecessor-version":[{"id":3645,"href":"https:\/\/bledrose.com\/sl\/wp-json\/wp\/v2\/pages\/416\/revisions\/3645"}],"up":[{"embeddable":true,"href":"https:\/\/bledrose.com\/sl\/wp-json\/wp\/v2\/pages\/259"}],"wp:attachment":[{"href":"https:\/\/bledrose.com\/sl\/wp-json\/wp\/v2\/media?parent=416"}],"curies":[{"name":"wp","href":"https:\/\/api.w.org\/{rel}","templated":true}]}}