{"id":1961,"date":"2019-07-02T10:42:00","date_gmt":"2019-07-02T10:42:00","guid":{"rendered":"http:\/\/bledrose-other.gitlab.futura.si\/?page_id=1961"},"modified":"2023-03-03T10:50:35","modified_gmt":"2023-03-03T09:50:35","slug":"kontakt-und-standort","status":"publish","type":"page","link":"https:\/\/bledrose.com\/de\/kontakt-und-standort\/","title":{"rendered":"Besucher"},"content":{"rendered":"\n<p>vsebina kontakta<\/p>\n","protected":false},"excerpt":{"rendered":"<p>vsebina kontakta<\/p>\n... <a href=\"https:\/\/bledrose.com\/de\/kontakt-und-standort\/\">continue reading<\/a>.","protected":false},"author":5,"featured_media":0,"parent":0,"menu_order":19,"comment_status":"closed","ping_status":"closed","template":"pages\/page_contact.php","meta":{"_acf_changed":false,"inline_featured_image":false,"footnotes":""},"class_list":["post-1961","page","type-page","status-publish","hentry"],"acf":[],"yoast_head":"<!-- This site is optimized with the Yoast SEO plugin v27.3 - https:\/\/yoast.com\/product\/yoast-seo-wordpress\/ -->\n<title>Kontakt und Standort | Bled Rose Hotel<\/title>\n<meta name=\"description\" content=\"Das Bled Rose Hotel befindet sich direkt am Bledersee und in der N\u00e4he von der Altstadt. Das Standort k\u00f6nnen Sie sich and der Karte ansehen, und f\u00fcr zus\u00e4tzliche Informationen kontaktieren Sie uns unter: hotel@bledrose.com.\" \/>\n<meta name=\"robots\" content=\"index, follow, max-snippet:-1, max-image-preview:large, max-video-preview:-1\" \/>\n<link rel=\"canonical\" href=\"https:\/\/bledrose.com\/sl\/kontakt\/\" \/>\n<meta property=\"og:locale\" content=\"de_DE\" \/>\n<meta property=\"og:type\" content=\"article\" \/>\n<meta property=\"og:title\" content=\"Kontakt und Standort | Bled Rose Hotel\" \/>\n<meta property=\"og:description\" content=\"Das Bled Rose Hotel befindet sich direkt am Bledersee und in der N\u00e4he von der Altstadt. Das Standort k\u00f6nnen Sie sich and der Karte ansehen, und f\u00fcr zus\u00e4tzliche Informationen kontaktieren Sie uns unter: hotel@bledrose.com.\" \/>\n<meta property=\"og:url\" content=\"https:\/\/bledrose.com\/sl\/kontakt\/\" \/>\n<meta property=\"og:site_name\" content=\"Bled Rose\" \/>\n<meta property=\"article:modified_time\" content=\"2023-03-03T09:50:35+00:00\" \/>\n<meta property=\"og:image\" content=\"https:\/\/bledrose.com\/wp-content\/uploads\/2023\/03\/br-logo.png\" \/>\n\t<meta property=\"og:image:width\" content=\"696\" \/>\n\t<meta property=\"og:image:height\" content=\"675\" \/>\n\t<meta property=\"og:image:type\" content=\"image\/png\" \/>\n<meta name=\"twitter:card\" content=\"summary_large_image\" \/>\n<script type=\"application\/ld+json\" class=\"yoast-schema-graph\">{\"@context\":\"https:\\\/\\\/schema.org\",\"@graph\":[{\"@type\":\"WebPage\",\"@id\":\"https:\\\/\\\/bledrose.com\\\/sl\\\/kontakt\\\/\",\"url\":\"https:\\\/\\\/bledrose.com\\\/sl\\\/kontakt\\\/\",\"name\":\"Kontakt und Standort | Bled Rose Hotel\",\"isPartOf\":{\"@id\":\"https:\\\/\\\/bledrose.com\\\/sl\\\/#website\"},\"datePublished\":\"2019-07-02T10:42:00+00:00\",\"dateModified\":\"2023-03-03T09:50:35+00:00\",\"description\":\"Das Bled Rose Hotel befindet sich direkt am Bledersee und in der N\u00e4he von der Altstadt. Das Standort k\u00f6nnen Sie sich and der Karte ansehen, und f\u00fcr zus\u00e4tzliche Informationen kontaktieren Sie uns unter: hotel@bledrose.com.\",\"breadcrumb\":{\"@id\":\"https:\\\/\\\/bledrose.com\\\/sl\\\/kontakt\\\/#breadcrumb\"},\"inLanguage\":\"de\",\"potentialAction\":[{\"@type\":\"ReadAction\",\"target\":[\"https:\\\/\\\/bledrose.com\\\/sl\\\/kontakt\\\/\"]}]},{\"@type\":\"BreadcrumbList\",\"@id\":\"https:\\\/\\\/bledrose.com\\\/sl\\\/kontakt\\\/#breadcrumb\",\"itemListElement\":[{\"@type\":\"ListItem\",\"position\":1,\"name\":\"Home\",\"item\":\"https:\\\/\\\/bledrose.com\\\/de\\\/\"},{\"@type\":\"ListItem\",\"position\":2,\"name\":\"Besucher\"}]},{\"@type\":\"WebSite\",\"@id\":\"https:\\\/\\\/bledrose.com\\\/sl\\\/#website\",\"url\":\"https:\\\/\\\/bledrose.com\\\/sl\\\/\",\"name\":\"Bled Rose\",\"description\":\"Hotel, \u010daroben kot Bled\",\"publisher\":{\"@id\":\"https:\\\/\\\/bledrose.com\\\/sl\\\/#organization\"},\"potentialAction\":[{\"@type\":\"SearchAction\",\"target\":{\"@type\":\"EntryPoint\",\"urlTemplate\":\"https:\\\/\\\/bledrose.com\\\/sl\\\/?s={search_term_string}\"},\"query-input\":{\"@type\":\"PropertyValueSpecification\",\"valueRequired\":true,\"valueName\":\"search_term_string\"}}],\"inLanguage\":\"de\"},{\"@type\":\"Organization\",\"@id\":\"https:\\\/\\\/bledrose.com\\\/sl\\\/#organization\",\"name\":\"Bled Rose Hotel\",\"alternateName\":\"Bled Rose\",\"url\":\"https:\\\/\\\/bledrose.com\\\/sl\\\/\",\"logo\":{\"@type\":\"ImageObject\",\"inLanguage\":\"de\",\"@id\":\"https:\\\/\\\/bledrose.com\\\/sl\\\/#\\\/schema\\\/logo\\\/image\\\/\",\"url\":\"https:\\\/\\\/bledrose.com\\\/wp-content\\\/uploads\\\/2023\\\/03\\\/br-logo-1.png\",\"contentUrl\":\"https:\\\/\\\/bledrose.com\\\/wp-content\\\/uploads\\\/2023\\\/03\\\/br-logo-1.png\",\"width\":696,\"height\":696,\"caption\":\"Bled Rose Hotel\"},\"image\":{\"@id\":\"https:\\\/\\\/bledrose.com\\\/sl\\\/#\\\/schema\\\/logo\\\/image\\\/\"}},{\"@type\":\"SiteNavigationElement\",\"@id\":\"https:\\\/\\\/bledrose.com\\\/de\\\/#nav-8999\",\"name\":\"Hotel und Zimmer\",\"url\":\"https:\\\/\\\/bledrose.com\\\/sl\\\/hotel-in-sobe\\\/\"},{\"@type\":\"SiteNavigationElement\",\"@id\":\"https:\\\/\\\/bledrose.com\\\/de\\\/#nav-9000\",\"name\":\"Restaurant und Lounge Bar\",\"url\":\"https:\\\/\\\/bledrose.com\\\/sl\\\/kulinarika\\\/\"},{\"@type\":\"SiteNavigationElement\",\"@id\":\"https:\\\/\\\/bledrose.com\\\/de\\\/#nav-9001\",\"name\":\"Wellness\",\"url\":\"https:\\\/\\\/bledrose.com\\\/sl\\\/wellness-in-selfness\\\/\"},{\"@type\":\"SiteNavigationElement\",\"@id\":\"https:\\\/\\\/bledrose.com\\\/de\\\/#nav-9002\",\"name\":\"Hochzeiten\",\"url\":\"https:\\\/\\\/bledrose.com\\\/sl\\\/osebni-dogodki\\\/poroke\\\/\"},{\"@type\":\"SiteNavigationElement\",\"@id\":\"https:\\\/\\\/bledrose.com\\\/de\\\/#nav-9004\",\"name\":\"Romantik und Hochzeiten\",\"url\":\"https:\\\/\\\/bledrose.com\\\/sl\\\/osebni-dogodki\\\/\",\"hasPart\":[{\"@type\":\"SiteNavigationElement\",\"@id\":\"https:\\\/\\\/bledrose.com\\\/de\\\/#nav-9005\",\"name\":\"Verlobungen\",\"url\":\"https:\\\/\\\/bledrose.com\\\/sl\\\/osebni-dogodki\\\/zaroke\\\/\"},{\"@type\":\"SiteNavigationElement\",\"@id\":\"https:\\\/\\\/bledrose.com\\\/de\\\/#nav-9006\",\"name\":\"Junggesellinnenabschiede\",\"url\":\"https:\\\/\\\/bledrose.com\\\/sl\\\/osebni-dogodki\\\/dekliscine\\\/\"},{\"@type\":\"SiteNavigationElement\",\"@id\":\"https:\\\/\\\/bledrose.com\\\/de\\\/#nav-9009\",\"name\":\"Hochzeitstagsfeiern\",\"url\":\"https:\\\/\\\/bledrose.com\\\/sl\\\/osebni-dogodki\\\/obletnice-poroke\\\/\"}]},{\"@type\":\"SiteNavigationElement\",\"@id\":\"https:\\\/\\\/bledrose.com\\\/de\\\/#nav-9010\",\"name\":\"Gesch\u00e4ftliche Veranstaltungen\",\"url\":\"https:\\\/\\\/bledrose.com\\\/sl\\\/poslovni-dogodki\\\/\"}]}<\/script>\n<!-- \/ Yoast SEO plugin. -->","yoast_head_json":{"title":"Kontakt und Standort | Bled Rose Hotel","description":"Das Bled Rose Hotel befindet sich direkt am Bledersee und in der N\u00e4he von der Altstadt. Das Standort k\u00f6nnen Sie sich and der Karte ansehen, und f\u00fcr zus\u00e4tzliche Informationen kontaktieren Sie uns unter: hotel@bledrose.com.","robots":{"index":"index","follow":"follow","max-snippet":"max-snippet:-1","max-image-preview":"max-image-preview:large","max-video-preview":"max-video-preview:-1"},"canonical":"https:\/\/bledrose.com\/sl\/kontakt\/","og_locale":"de_DE","og_type":"article","og_title":"Kontakt und Standort | Bled Rose Hotel","og_description":"Das Bled Rose Hotel befindet sich direkt am Bledersee und in der N\u00e4he von der Altstadt. Das Standort k\u00f6nnen Sie sich and der Karte ansehen, und f\u00fcr zus\u00e4tzliche Informationen kontaktieren Sie uns unter: hotel@bledrose.com.","og_url":"https:\/\/bledrose.com\/sl\/kontakt\/","og_site_name":"Bled Rose","article_modified_time":"2023-03-03T09:50:35+00:00","og_image":[{"width":696,"height":675,"url":"https:\/\/bledrose.com\/wp-content\/uploads\/2023\/03\/br-logo.png","type":"image\/png"}],"twitter_card":"summary_large_image","schema":{"@context":"https:\/\/schema.org","@graph":[{"@type":"WebPage","@id":"https:\/\/bledrose.com\/sl\/kontakt\/","url":"https:\/\/bledrose.com\/sl\/kontakt\/","name":"Kontakt und Standort | Bled Rose Hotel","isPartOf":{"@id":"https:\/\/bledrose.com\/sl\/#website"},"datePublished":"2019-07-02T10:42:00+00:00","dateModified":"2023-03-03T09:50:35+00:00","description":"Das Bled Rose Hotel befindet sich direkt am Bledersee und in der N\u00e4he von der Altstadt. Das Standort k\u00f6nnen Sie sich and der Karte ansehen, und f\u00fcr zus\u00e4tzliche Informationen kontaktieren Sie uns unter: hotel@bledrose.com.","breadcrumb":{"@id":"https:\/\/bledrose.com\/sl\/kontakt\/#breadcrumb"},"inLanguage":"de","potentialAction":[{"@type":"ReadAction","target":["https:\/\/bledrose.com\/sl\/kontakt\/"]}]},{"@type":"BreadcrumbList","@id":"https:\/\/bledrose.com\/sl\/kontakt\/#breadcrumb","itemListElement":[{"@type":"ListItem","position":1,"name":"Home","item":"https:\/\/bledrose.com\/de\/"},{"@type":"ListItem","position":2,"name":"Besucher"}]},{"@type":"WebSite","@id":"https:\/\/bledrose.com\/sl\/#website","url":"https:\/\/bledrose.com\/sl\/","name":"Bled Rose","description":"Hotel, \u010daroben kot Bled","publisher":{"@id":"https:\/\/bledrose.com\/sl\/#organization"},"potentialAction":[{"@type":"SearchAction","target":{"@type":"EntryPoint","urlTemplate":"https:\/\/bledrose.com\/sl\/?s={search_term_string}"},"query-input":{"@type":"PropertyValueSpecification","valueRequired":true,"valueName":"search_term_string"}}],"inLanguage":"de"},{"@type":"Organization","@id":"https:\/\/bledrose.com\/sl\/#organization","name":"Bled Rose Hotel","alternateName":"Bled Rose","url":"https:\/\/bledrose.com\/sl\/","logo":{"@type":"ImageObject","inLanguage":"de","@id":"https:\/\/bledrose.com\/sl\/#\/schema\/logo\/image\/","url":"https:\/\/bledrose.com\/wp-content\/uploads\/2023\/03\/br-logo-1.png","contentUrl":"https:\/\/bledrose.com\/wp-content\/uploads\/2023\/03\/br-logo-1.png","width":696,"height":696,"caption":"Bled Rose Hotel"},"image":{"@id":"https:\/\/bledrose.com\/sl\/#\/schema\/logo\/image\/"}},{"@type":"SiteNavigationElement","@id":"https:\/\/bledrose.com\/de\/#nav-8999","name":"Hotel und Zimmer","url":"https:\/\/bledrose.com\/sl\/hotel-in-sobe\/"},{"@type":"SiteNavigationElement","@id":"https:\/\/bledrose.com\/de\/#nav-9000","name":"Restaurant und Lounge Bar","url":"https:\/\/bledrose.com\/sl\/kulinarika\/"},{"@type":"SiteNavigationElement","@id":"https:\/\/bledrose.com\/de\/#nav-9001","name":"Wellness","url":"https:\/\/bledrose.com\/sl\/wellness-in-selfness\/"},{"@type":"SiteNavigationElement","@id":"https:\/\/bledrose.com\/de\/#nav-9002","name":"Hochzeiten","url":"https:\/\/bledrose.com\/sl\/osebni-dogodki\/poroke\/"},{"@type":"SiteNavigationElement","@id":"https:\/\/bledrose.com\/de\/#nav-9004","name":"Romantik und Hochzeiten","url":"https:\/\/bledrose.com\/sl\/osebni-dogodki\/","hasPart":[{"@type":"SiteNavigationElement","@id":"https:\/\/bledrose.com\/de\/#nav-9005","name":"Verlobungen","url":"https:\/\/bledrose.com\/sl\/osebni-dogodki\/zaroke\/"},{"@type":"SiteNavigationElement","@id":"https:\/\/bledrose.com\/de\/#nav-9006","name":"Junggesellinnenabschiede","url":"https:\/\/bledrose.com\/sl\/osebni-dogodki\/dekliscine\/"},{"@type":"SiteNavigationElement","@id":"https:\/\/bledrose.com\/de\/#nav-9009","name":"Hochzeitstagsfeiern","url":"https:\/\/bledrose.com\/sl\/osebni-dogodki\/obletnice-poroke\/"}]},{"@type":"SiteNavigationElement","@id":"https:\/\/bledrose.com\/de\/#nav-9010","name":"Gesch\u00e4ftliche Veranstaltungen","url":"https:\/\/bledrose.com\/sl\/poslovni-dogodki\/"}]}},"_links":{"self":[{"href":"https:\/\/bledrose.com\/de\/wp-json\/wp\/v2\/pages\/1961","targetHints":{"allow":["GET"]}}],"collection":[{"href":"https:\/\/bledrose.com\/de\/wp-json\/wp\/v2\/pages"}],"about":[{"href":"https:\/\/bledrose.com\/de\/wp-json\/wp\/v2\/types\/page"}],"author":[{"embeddable":true,"href":"https:\/\/bledrose.com\/de\/wp-json\/wp\/v2\/users\/5"}],"replies":[{"embeddable":true,"href":"https:\/\/bledrose.com\/de\/wp-json\/wp\/v2\/comments?post=1961"}],"version-history":[{"count":15,"href":"https:\/\/bledrose.com\/de\/wp-json\/wp\/v2\/pages\/1961\/revisions"}],"predecessor-version":[{"id":8294,"href":"https:\/\/bledrose.com\/de\/wp-json\/wp\/v2\/pages\/1961\/revisions\/8294"}],"wp:attachment":[{"href":"https:\/\/bledrose.com\/de\/wp-json\/wp\/v2\/media?parent=1961"}],"curies":[{"name":"wp","href":"https:\/\/api.w.org\/{rel}","templated":true}]}}