{"id":1921,"date":"2019-07-02T10:42:01","date_gmt":"2019-07-02T10:42:01","guid":{"rendered":"http:\/\/bledrose-other.gitlab.futura.si\/?page_id=1921"},"modified":"2023-03-03T10:50:33","modified_gmt":"2023-03-03T09:50:33","slug":"hochzeit-im-bled-rose-hotel","status":"publish","type":"page","link":"https:\/\/bledrose.com\/de\/romantik-und-hochzeiten\/hochzeiten\/hochzeit-im-bled-rose-hotel\/","title":{"rendered":"Hochzeit im Bled Rose Hotel"},"content":{"rendered":"","protected":false},"excerpt":{"rendered":"... <a href=\"https:\/\/bledrose.com\/de\/romantik-und-hochzeiten\/hochzeiten\/hochzeit-im-bled-rose-hotel\/\">continue reading<\/a>.","protected":false},"author":5,"featured_media":0,"parent":1907,"menu_order":1,"comment_status":"closed","ping_status":"closed","template":"pages\/page_weddings-subpage.php","meta":{"_acf_changed":false,"inline_featured_image":false,"footnotes":""},"class_list":["post-1921","page","type-page","status-publish","hentry"],"acf":[],"yoast_head":"<!-- This site is optimized with the Yoast SEO plugin v27.3 - https:\/\/yoast.com\/product\/yoast-seo-wordpress\/ -->\n<title>Hochzeitsfeier in Bled | Bled Rose Hotel<\/title>\n<meta name=\"description\" content=\"Tr\u00e4umen Sie von einer Hochzeit im Freien? F\u00fcr Sie organisieren wir Ihre Hochzeitszeremonie im Freien und das Hochzeitsfeier f\u00fcr bis zum 250 Eingeladenen. Erfahren Sie mehr \u00fcber zwei Hochzeitsprogrammen, die wir nur f\u00fcr Sie vorbereiteten.\" \/>\n<meta name=\"robots\" content=\"index, follow, max-snippet:-1, max-image-preview:large, max-video-preview:-1\" \/>\n<link rel=\"canonical\" href=\"https:\/\/bledrose.com\/sl\/osebni-dogodki\/poroke\/poroka-v-bled-rose-hotelu\/\" \/>\n<meta property=\"og:locale\" content=\"de_DE\" \/>\n<meta property=\"og:type\" content=\"article\" \/>\n<meta property=\"og:title\" content=\"Hochzeitsfeier in Bled | Bled Rose Hotel\" \/>\n<meta property=\"og:description\" content=\"Tr\u00e4umen Sie von einer Hochzeit im Freien? F\u00fcr Sie organisieren wir Ihre Hochzeitszeremonie im Freien und das Hochzeitsfeier f\u00fcr bis zum 250 Eingeladenen. Erfahren Sie mehr \u00fcber zwei Hochzeitsprogrammen, die wir nur f\u00fcr Sie vorbereiteten.\" \/>\n<meta property=\"og:url\" content=\"https:\/\/bledrose.com\/sl\/osebni-dogodki\/poroke\/poroka-v-bled-rose-hotelu\/\" \/>\n<meta property=\"og:site_name\" content=\"Bled Rose\" \/>\n<meta property=\"article:modified_time\" content=\"2023-03-03T09:50:33+00:00\" \/>\n<meta property=\"og:image\" content=\"https:\/\/bledrose.com\/wp-content\/uploads\/2023\/03\/br-logo.png\" \/>\n\t<meta property=\"og:image:width\" content=\"696\" \/>\n\t<meta property=\"og:image:height\" content=\"675\" \/>\n\t<meta property=\"og:image:type\" content=\"image\/png\" \/>\n<meta name=\"twitter:card\" content=\"summary_large_image\" \/>\n<script type=\"application\/ld+json\" class=\"yoast-schema-graph\">{\"@context\":\"https:\\\/\\\/schema.org\",\"@graph\":[{\"@type\":\"WebPage\",\"@id\":\"https:\\\/\\\/bledrose.com\\\/sl\\\/osebni-dogodki\\\/poroke\\\/poroka-v-bled-rose-hotelu\\\/\",\"url\":\"https:\\\/\\\/bledrose.com\\\/sl\\\/osebni-dogodki\\\/poroke\\\/poroka-v-bled-rose-hotelu\\\/\",\"name\":\"Hochzeitsfeier in Bled | Bled Rose Hotel\",\"isPartOf\":{\"@id\":\"https:\\\/\\\/bledrose.com\\\/sl\\\/#website\"},\"datePublished\":\"2019-07-02T10:42:01+00:00\",\"dateModified\":\"2023-03-03T09:50:33+00:00\",\"description\":\"Tr\u00e4umen Sie von einer Hochzeit im Freien? F\u00fcr Sie organisieren wir Ihre Hochzeitszeremonie im Freien und das Hochzeitsfeier f\u00fcr bis zum 250 Eingeladenen. Erfahren Sie mehr \u00fcber zwei Hochzeitsprogrammen, die wir nur f\u00fcr Sie vorbereiteten.\",\"breadcrumb\":{\"@id\":\"https:\\\/\\\/bledrose.com\\\/sl\\\/osebni-dogodki\\\/poroke\\\/poroka-v-bled-rose-hotelu\\\/#breadcrumb\"},\"inLanguage\":\"de\",\"potentialAction\":[{\"@type\":\"ReadAction\",\"target\":[\"https:\\\/\\\/bledrose.com\\\/sl\\\/osebni-dogodki\\\/poroke\\\/poroka-v-bled-rose-hotelu\\\/\"]}]},{\"@type\":\"BreadcrumbList\",\"@id\":\"https:\\\/\\\/bledrose.com\\\/sl\\\/osebni-dogodki\\\/poroke\\\/poroka-v-bled-rose-hotelu\\\/#breadcrumb\",\"itemListElement\":[{\"@type\":\"ListItem\",\"position\":1,\"name\":\"Home\",\"item\":\"https:\\\/\\\/bledrose.com\\\/de\\\/\"},{\"@type\":\"ListItem\",\"position\":2,\"name\":\"Romantik und Hochzeiten\",\"item\":\"https:\\\/\\\/bledrose.com\\\/de\\\/romantik-und-hochzeiten\\\/\"},{\"@type\":\"ListItem\",\"position\":3,\"name\":\"Hochzeiten\",\"item\":\"https:\\\/\\\/bledrose.com\\\/de\\\/romantik-und-hochzeiten\\\/hochzeiten\\\/\"},{\"@type\":\"ListItem\",\"position\":4,\"name\":\"Hochzeit im Bled Rose Hotel\"}]},{\"@type\":\"WebSite\",\"@id\":\"https:\\\/\\\/bledrose.com\\\/sl\\\/#website\",\"url\":\"https:\\\/\\\/bledrose.com\\\/sl\\\/\",\"name\":\"Bled Rose\",\"description\":\"Hotel, \u010daroben kot Bled\",\"publisher\":{\"@id\":\"https:\\\/\\\/bledrose.com\\\/sl\\\/#organization\"},\"potentialAction\":[{\"@type\":\"SearchAction\",\"target\":{\"@type\":\"EntryPoint\",\"urlTemplate\":\"https:\\\/\\\/bledrose.com\\\/sl\\\/?s={search_term_string}\"},\"query-input\":{\"@type\":\"PropertyValueSpecification\",\"valueRequired\":true,\"valueName\":\"search_term_string\"}}],\"inLanguage\":\"de\"},{\"@type\":\"Organization\",\"@id\":\"https:\\\/\\\/bledrose.com\\\/sl\\\/#organization\",\"name\":\"Bled Rose Hotel\",\"alternateName\":\"Bled Rose\",\"url\":\"https:\\\/\\\/bledrose.com\\\/sl\\\/\",\"logo\":{\"@type\":\"ImageObject\",\"inLanguage\":\"de\",\"@id\":\"https:\\\/\\\/bledrose.com\\\/sl\\\/#\\\/schema\\\/logo\\\/image\\\/\",\"url\":\"https:\\\/\\\/bledrose.com\\\/wp-content\\\/uploads\\\/2023\\\/03\\\/br-logo-1.png\",\"contentUrl\":\"https:\\\/\\\/bledrose.com\\\/wp-content\\\/uploads\\\/2023\\\/03\\\/br-logo-1.png\",\"width\":696,\"height\":696,\"caption\":\"Bled Rose Hotel\"},\"image\":{\"@id\":\"https:\\\/\\\/bledrose.com\\\/sl\\\/#\\\/schema\\\/logo\\\/image\\\/\"}},{\"@type\":\"SiteNavigationElement\",\"@id\":\"https:\\\/\\\/bledrose.com\\\/de\\\/#nav-8999\",\"name\":\"Hotel und Zimmer\",\"url\":\"https:\\\/\\\/bledrose.com\\\/sl\\\/hotel-in-sobe\\\/\"},{\"@type\":\"SiteNavigationElement\",\"@id\":\"https:\\\/\\\/bledrose.com\\\/de\\\/#nav-9000\",\"name\":\"Restaurant und Lounge Bar\",\"url\":\"https:\\\/\\\/bledrose.com\\\/sl\\\/kulinarika\\\/\"},{\"@type\":\"SiteNavigationElement\",\"@id\":\"https:\\\/\\\/bledrose.com\\\/de\\\/#nav-9001\",\"name\":\"Wellness\",\"url\":\"https:\\\/\\\/bledrose.com\\\/sl\\\/wellness-in-selfness\\\/\"},{\"@type\":\"SiteNavigationElement\",\"@id\":\"https:\\\/\\\/bledrose.com\\\/de\\\/#nav-9002\",\"name\":\"Hochzeiten\",\"url\":\"https:\\\/\\\/bledrose.com\\\/sl\\\/osebni-dogodki\\\/poroke\\\/\"},{\"@type\":\"SiteNavigationElement\",\"@id\":\"https:\\\/\\\/bledrose.com\\\/de\\\/#nav-9004\",\"name\":\"Romantik und Hochzeiten\",\"url\":\"https:\\\/\\\/bledrose.com\\\/sl\\\/osebni-dogodki\\\/\",\"hasPart\":[{\"@type\":\"SiteNavigationElement\",\"@id\":\"https:\\\/\\\/bledrose.com\\\/de\\\/#nav-9005\",\"name\":\"Verlobungen\",\"url\":\"https:\\\/\\\/bledrose.com\\\/sl\\\/osebni-dogodki\\\/zaroke\\\/\"},{\"@type\":\"SiteNavigationElement\",\"@id\":\"https:\\\/\\\/bledrose.com\\\/de\\\/#nav-9006\",\"name\":\"Junggesellinnenabschiede\",\"url\":\"https:\\\/\\\/bledrose.com\\\/sl\\\/osebni-dogodki\\\/dekliscine\\\/\"},{\"@type\":\"SiteNavigationElement\",\"@id\":\"https:\\\/\\\/bledrose.com\\\/de\\\/#nav-9009\",\"name\":\"Hochzeitstagsfeiern\",\"url\":\"https:\\\/\\\/bledrose.com\\\/sl\\\/osebni-dogodki\\\/obletnice-poroke\\\/\"}]},{\"@type\":\"SiteNavigationElement\",\"@id\":\"https:\\\/\\\/bledrose.com\\\/de\\\/#nav-9010\",\"name\":\"Gesch\u00e4ftliche Veranstaltungen\",\"url\":\"https:\\\/\\\/bledrose.com\\\/sl\\\/poslovni-dogodki\\\/\"}]}<\/script>\n<!-- \/ Yoast SEO plugin. -->","yoast_head_json":{"title":"Hochzeitsfeier in Bled | Bled Rose Hotel","description":"Tr\u00e4umen Sie von einer Hochzeit im Freien? F\u00fcr Sie organisieren wir Ihre Hochzeitszeremonie im Freien und das Hochzeitsfeier f\u00fcr bis zum 250 Eingeladenen. Erfahren Sie mehr \u00fcber zwei Hochzeitsprogrammen, die wir nur f\u00fcr Sie vorbereiteten.","robots":{"index":"index","follow":"follow","max-snippet":"max-snippet:-1","max-image-preview":"max-image-preview:large","max-video-preview":"max-video-preview:-1"},"canonical":"https:\/\/bledrose.com\/sl\/osebni-dogodki\/poroke\/poroka-v-bled-rose-hotelu\/","og_locale":"de_DE","og_type":"article","og_title":"Hochzeitsfeier in Bled | Bled Rose Hotel","og_description":"Tr\u00e4umen Sie von einer Hochzeit im Freien? F\u00fcr Sie organisieren wir Ihre Hochzeitszeremonie im Freien und das Hochzeitsfeier f\u00fcr bis zum 250 Eingeladenen. Erfahren Sie mehr \u00fcber zwei Hochzeitsprogrammen, die wir nur f\u00fcr Sie vorbereiteten.","og_url":"https:\/\/bledrose.com\/sl\/osebni-dogodki\/poroke\/poroka-v-bled-rose-hotelu\/","og_site_name":"Bled Rose","article_modified_time":"2023-03-03T09:50:33+00:00","og_image":[{"width":696,"height":675,"url":"https:\/\/bledrose.com\/wp-content\/uploads\/2023\/03\/br-logo.png","type":"image\/png"}],"twitter_card":"summary_large_image","schema":{"@context":"https:\/\/schema.org","@graph":[{"@type":"WebPage","@id":"https:\/\/bledrose.com\/sl\/osebni-dogodki\/poroke\/poroka-v-bled-rose-hotelu\/","url":"https:\/\/bledrose.com\/sl\/osebni-dogodki\/poroke\/poroka-v-bled-rose-hotelu\/","name":"Hochzeitsfeier in Bled | Bled Rose Hotel","isPartOf":{"@id":"https:\/\/bledrose.com\/sl\/#website"},"datePublished":"2019-07-02T10:42:01+00:00","dateModified":"2023-03-03T09:50:33+00:00","description":"Tr\u00e4umen Sie von einer Hochzeit im Freien? F\u00fcr Sie organisieren wir Ihre Hochzeitszeremonie im Freien und das Hochzeitsfeier f\u00fcr bis zum 250 Eingeladenen. Erfahren Sie mehr \u00fcber zwei Hochzeitsprogrammen, die wir nur f\u00fcr Sie vorbereiteten.","breadcrumb":{"@id":"https:\/\/bledrose.com\/sl\/osebni-dogodki\/poroke\/poroka-v-bled-rose-hotelu\/#breadcrumb"},"inLanguage":"de","potentialAction":[{"@type":"ReadAction","target":["https:\/\/bledrose.com\/sl\/osebni-dogodki\/poroke\/poroka-v-bled-rose-hotelu\/"]}]},{"@type":"BreadcrumbList","@id":"https:\/\/bledrose.com\/sl\/osebni-dogodki\/poroke\/poroka-v-bled-rose-hotelu\/#breadcrumb","itemListElement":[{"@type":"ListItem","position":1,"name":"Home","item":"https:\/\/bledrose.com\/de\/"},{"@type":"ListItem","position":2,"name":"Romantik und Hochzeiten","item":"https:\/\/bledrose.com\/de\/romantik-und-hochzeiten\/"},{"@type":"ListItem","position":3,"name":"Hochzeiten","item":"https:\/\/bledrose.com\/de\/romantik-und-hochzeiten\/hochzeiten\/"},{"@type":"ListItem","position":4,"name":"Hochzeit im Bled Rose Hotel"}]},{"@type":"WebSite","@id":"https:\/\/bledrose.com\/sl\/#website","url":"https:\/\/bledrose.com\/sl\/","name":"Bled Rose","description":"Hotel, \u010daroben kot Bled","publisher":{"@id":"https:\/\/bledrose.com\/sl\/#organization"},"potentialAction":[{"@type":"SearchAction","target":{"@type":"EntryPoint","urlTemplate":"https:\/\/bledrose.com\/sl\/?s={search_term_string}"},"query-input":{"@type":"PropertyValueSpecification","valueRequired":true,"valueName":"search_term_string"}}],"inLanguage":"de"},{"@type":"Organization","@id":"https:\/\/bledrose.com\/sl\/#organization","name":"Bled Rose Hotel","alternateName":"Bled Rose","url":"https:\/\/bledrose.com\/sl\/","logo":{"@type":"ImageObject","inLanguage":"de","@id":"https:\/\/bledrose.com\/sl\/#\/schema\/logo\/image\/","url":"https:\/\/bledrose.com\/wp-content\/uploads\/2023\/03\/br-logo-1.png","contentUrl":"https:\/\/bledrose.com\/wp-content\/uploads\/2023\/03\/br-logo-1.png","width":696,"height":696,"caption":"Bled Rose Hotel"},"image":{"@id":"https:\/\/bledrose.com\/sl\/#\/schema\/logo\/image\/"}},{"@type":"SiteNavigationElement","@id":"https:\/\/bledrose.com\/de\/#nav-8999","name":"Hotel und Zimmer","url":"https:\/\/bledrose.com\/sl\/hotel-in-sobe\/"},{"@type":"SiteNavigationElement","@id":"https:\/\/bledrose.com\/de\/#nav-9000","name":"Restaurant und Lounge Bar","url":"https:\/\/bledrose.com\/sl\/kulinarika\/"},{"@type":"SiteNavigationElement","@id":"https:\/\/bledrose.com\/de\/#nav-9001","name":"Wellness","url":"https:\/\/bledrose.com\/sl\/wellness-in-selfness\/"},{"@type":"SiteNavigationElement","@id":"https:\/\/bledrose.com\/de\/#nav-9002","name":"Hochzeiten","url":"https:\/\/bledrose.com\/sl\/osebni-dogodki\/poroke\/"},{"@type":"SiteNavigationElement","@id":"https:\/\/bledrose.com\/de\/#nav-9004","name":"Romantik und Hochzeiten","url":"https:\/\/bledrose.com\/sl\/osebni-dogodki\/","hasPart":[{"@type":"SiteNavigationElement","@id":"https:\/\/bledrose.com\/de\/#nav-9005","name":"Verlobungen","url":"https:\/\/bledrose.com\/sl\/osebni-dogodki\/zaroke\/"},{"@type":"SiteNavigationElement","@id":"https:\/\/bledrose.com\/de\/#nav-9006","name":"Junggesellinnenabschiede","url":"https:\/\/bledrose.com\/sl\/osebni-dogodki\/dekliscine\/"},{"@type":"SiteNavigationElement","@id":"https:\/\/bledrose.com\/de\/#nav-9009","name":"Hochzeitstagsfeiern","url":"https:\/\/bledrose.com\/sl\/osebni-dogodki\/obletnice-poroke\/"}]},{"@type":"SiteNavigationElement","@id":"https:\/\/bledrose.com\/de\/#nav-9010","name":"Gesch\u00e4ftliche Veranstaltungen","url":"https:\/\/bledrose.com\/sl\/poslovni-dogodki\/"}]}},"_links":{"self":[{"href":"https:\/\/bledrose.com\/de\/wp-json\/wp\/v2\/pages\/1921","targetHints":{"allow":["GET"]}}],"collection":[{"href":"https:\/\/bledrose.com\/de\/wp-json\/wp\/v2\/pages"}],"about":[{"href":"https:\/\/bledrose.com\/de\/wp-json\/wp\/v2\/types\/page"}],"author":[{"embeddable":true,"href":"https:\/\/bledrose.com\/de\/wp-json\/wp\/v2\/users\/5"}],"replies":[{"embeddable":true,"href":"https:\/\/bledrose.com\/de\/wp-json\/wp\/v2\/comments?post=1921"}],"version-history":[{"count":9,"href":"https:\/\/bledrose.com\/de\/wp-json\/wp\/v2\/pages\/1921\/revisions"}],"predecessor-version":[{"id":3142,"href":"https:\/\/bledrose.com\/de\/wp-json\/wp\/v2\/pages\/1921\/revisions\/3142"}],"up":[{"embeddable":true,"href":"https:\/\/bledrose.com\/de\/wp-json\/wp\/v2\/pages\/1907"}],"wp:attachment":[{"href":"https:\/\/bledrose.com\/de\/wp-json\/wp\/v2\/media?parent=1921"}],"curies":[{"name":"wp","href":"https:\/\/api.w.org\/{rel}","templated":true}]}}