{"id":1878,"date":"2019-07-02T10:27:02","date_gmt":"2019-07-02T10:27:02","guid":{"rendered":"http:\/\/bledrose-other.gitlab.futura.si\/?page_id=1878"},"modified":"2025-07-01T11:28:11","modified_gmt":"2025-07-01T09:28:11","slug":"hotel-und-zimmer","status":"publish","type":"page","link":"https:\/\/bledrose.com\/de\/hotel-und-zimmer\/","title":{"rendered":"Hotel und Zimmer"},"content":{"rendered":"","protected":false},"excerpt":{"rendered":"... <a href=\"https:\/\/bledrose.com\/de\/hotel-und-zimmer\/\">continue reading<\/a>.","protected":false},"author":5,"featured_media":0,"parent":0,"menu_order":1,"comment_status":"closed","ping_status":"closed","template":"pages\/page_hotel.php","meta":{"_acf_changed":false,"inline_featured_image":false,"footnotes":""},"class_list":["post-1878","page","type-page","status-publish","hentry"],"acf":[],"yoast_head":"<!-- This site is optimized with the Yoast SEO plugin v27.3 - https:\/\/yoast.com\/product\/yoast-seo-wordpress\/ -->\n<title>Modern eingerichtete Zimmer in Bled | Bled Rose Hotel<\/title>\n<meta name=\"description\" content=\"Modern eingerichtete Suiten und Zimmer vom Bled Rose Hotel sind die ideale Unterkunft in Bled. Finden sie das Fr\u00fchst\u00fcck und den Eintritt in das Hotelpool und den Fitnessraum inbegriffen im Aufenthalt. Zimmer Verf\u00fcgbarkeit pr\u00fcfen.\" \/>\n<meta name=\"robots\" content=\"index, follow, max-snippet:-1, max-image-preview:large, max-video-preview:-1\" \/>\n<link rel=\"canonical\" href=\"https:\/\/bledrose.com\/de\/hotel-und-zimmer\/\" \/>\n<meta property=\"og:locale\" content=\"de_DE\" \/>\n<meta property=\"og:type\" content=\"article\" \/>\n<meta property=\"og:title\" content=\"Modern eingerichtete Zimmer in Bled | Bled Rose Hotel\" \/>\n<meta property=\"og:description\" content=\"Modern eingerichtete Suiten und Zimmer vom Bled Rose Hotel sind die ideale Unterkunft in Bled. Finden sie das Fr\u00fchst\u00fcck und den Eintritt in das Hotelpool und den Fitnessraum inbegriffen im Aufenthalt. Zimmer Verf\u00fcgbarkeit pr\u00fcfen.\" \/>\n<meta property=\"og:url\" content=\"https:\/\/bledrose.com\/de\/hotel-und-zimmer\/\" \/>\n<meta property=\"og:site_name\" content=\"Bled Rose\" \/>\n<meta property=\"article:modified_time\" content=\"2025-07-01T09:28:11+00:00\" \/>\n<meta property=\"og:image\" content=\"https:\/\/bledrose.com\/wp-content\/uploads\/2023\/03\/br-logo.png\" \/>\n\t<meta property=\"og:image:width\" content=\"696\" \/>\n\t<meta property=\"og:image:height\" content=\"675\" \/>\n\t<meta property=\"og:image:type\" content=\"image\/png\" \/>\n<meta name=\"twitter:card\" content=\"summary_large_image\" \/>\n<script type=\"application\/ld+json\" class=\"yoast-schema-graph\">{\"@context\":\"https:\\\/\\\/schema.org\",\"@graph\":[{\"@type\":\"WebPage\",\"@id\":\"https:\\\/\\\/bledrose.com\\\/de\\\/hotel-und-zimmer\\\/\",\"url\":\"https:\\\/\\\/bledrose.com\\\/de\\\/hotel-und-zimmer\\\/\",\"name\":\"Modern eingerichtete Zimmer in Bled | Bled Rose Hotel\",\"isPartOf\":{\"@id\":\"https:\\\/\\\/bledrose.com\\\/sl\\\/#website\"},\"datePublished\":\"2019-07-02T10:27:02+00:00\",\"dateModified\":\"2025-07-01T09:28:11+00:00\",\"description\":\"Modern eingerichtete Suiten und Zimmer vom Bled Rose Hotel sind die ideale Unterkunft in Bled. Finden sie das Fr\u00fchst\u00fcck und den Eintritt in das Hotelpool und den Fitnessraum inbegriffen im Aufenthalt. Zimmer Verf\u00fcgbarkeit pr\u00fcfen.\",\"breadcrumb\":{\"@id\":\"https:\\\/\\\/bledrose.com\\\/de\\\/hotel-und-zimmer\\\/#breadcrumb\"},\"inLanguage\":\"de\",\"potentialAction\":[{\"@type\":\"ReadAction\",\"target\":[\"https:\\\/\\\/bledrose.com\\\/de\\\/hotel-und-zimmer\\\/\"]}]},{\"@type\":\"BreadcrumbList\",\"@id\":\"https:\\\/\\\/bledrose.com\\\/de\\\/hotel-und-zimmer\\\/#breadcrumb\",\"itemListElement\":[{\"@type\":\"ListItem\",\"position\":1,\"name\":\"Home\",\"item\":\"https:\\\/\\\/bledrose.com\\\/de\\\/\"},{\"@type\":\"ListItem\",\"position\":2,\"name\":\"Hotel und Zimmer\"}]},{\"@type\":\"WebSite\",\"@id\":\"https:\\\/\\\/bledrose.com\\\/sl\\\/#website\",\"url\":\"https:\\\/\\\/bledrose.com\\\/sl\\\/\",\"name\":\"Bled Rose\",\"description\":\"Hotel, \u010daroben kot Bled\",\"publisher\":{\"@id\":\"https:\\\/\\\/bledrose.com\\\/sl\\\/#organization\"},\"potentialAction\":[{\"@type\":\"SearchAction\",\"target\":{\"@type\":\"EntryPoint\",\"urlTemplate\":\"https:\\\/\\\/bledrose.com\\\/sl\\\/?s={search_term_string}\"},\"query-input\":{\"@type\":\"PropertyValueSpecification\",\"valueRequired\":true,\"valueName\":\"search_term_string\"}}],\"inLanguage\":\"de\"},{\"@type\":\"Organization\",\"@id\":\"https:\\\/\\\/bledrose.com\\\/sl\\\/#organization\",\"name\":\"Bled Rose Hotel\",\"alternateName\":\"Bled Rose\",\"url\":\"https:\\\/\\\/bledrose.com\\\/sl\\\/\",\"logo\":{\"@type\":\"ImageObject\",\"inLanguage\":\"de\",\"@id\":\"https:\\\/\\\/bledrose.com\\\/sl\\\/#\\\/schema\\\/logo\\\/image\\\/\",\"url\":\"https:\\\/\\\/bledrose.com\\\/wp-content\\\/uploads\\\/2023\\\/03\\\/br-logo-1.png\",\"contentUrl\":\"https:\\\/\\\/bledrose.com\\\/wp-content\\\/uploads\\\/2023\\\/03\\\/br-logo-1.png\",\"width\":696,\"height\":696,\"caption\":\"Bled Rose Hotel\"},\"image\":{\"@id\":\"https:\\\/\\\/bledrose.com\\\/sl\\\/#\\\/schema\\\/logo\\\/image\\\/\"}},{\"@type\":\"SiteNavigationElement\",\"@id\":\"https:\\\/\\\/bledrose.com\\\/de\\\/#nav-8999\",\"name\":\"Hotel und Zimmer\",\"url\":\"https:\\\/\\\/bledrose.com\\\/sl\\\/hotel-in-sobe\\\/\"},{\"@type\":\"SiteNavigationElement\",\"@id\":\"https:\\\/\\\/bledrose.com\\\/de\\\/#nav-9000\",\"name\":\"Restaurant und Lounge Bar\",\"url\":\"https:\\\/\\\/bledrose.com\\\/sl\\\/kulinarika\\\/\"},{\"@type\":\"SiteNavigationElement\",\"@id\":\"https:\\\/\\\/bledrose.com\\\/de\\\/#nav-9001\",\"name\":\"Wellness\",\"url\":\"https:\\\/\\\/bledrose.com\\\/sl\\\/wellness-in-selfness\\\/\"},{\"@type\":\"SiteNavigationElement\",\"@id\":\"https:\\\/\\\/bledrose.com\\\/de\\\/#nav-9002\",\"name\":\"Hochzeiten\",\"url\":\"https:\\\/\\\/bledrose.com\\\/sl\\\/osebni-dogodki\\\/poroke\\\/\"},{\"@type\":\"SiteNavigationElement\",\"@id\":\"https:\\\/\\\/bledrose.com\\\/de\\\/#nav-9004\",\"name\":\"Romantik und Hochzeiten\",\"url\":\"https:\\\/\\\/bledrose.com\\\/sl\\\/osebni-dogodki\\\/\",\"hasPart\":[{\"@type\":\"SiteNavigationElement\",\"@id\":\"https:\\\/\\\/bledrose.com\\\/de\\\/#nav-9005\",\"name\":\"Verlobungen\",\"url\":\"https:\\\/\\\/bledrose.com\\\/sl\\\/osebni-dogodki\\\/zaroke\\\/\"},{\"@type\":\"SiteNavigationElement\",\"@id\":\"https:\\\/\\\/bledrose.com\\\/de\\\/#nav-9006\",\"name\":\"Junggesellinnenabschiede\",\"url\":\"https:\\\/\\\/bledrose.com\\\/sl\\\/osebni-dogodki\\\/dekliscine\\\/\"},{\"@type\":\"SiteNavigationElement\",\"@id\":\"https:\\\/\\\/bledrose.com\\\/de\\\/#nav-9009\",\"name\":\"Hochzeitstagsfeiern\",\"url\":\"https:\\\/\\\/bledrose.com\\\/sl\\\/osebni-dogodki\\\/obletnice-poroke\\\/\"}]},{\"@type\":\"SiteNavigationElement\",\"@id\":\"https:\\\/\\\/bledrose.com\\\/de\\\/#nav-9010\",\"name\":\"Gesch\u00e4ftliche Veranstaltungen\",\"url\":\"https:\\\/\\\/bledrose.com\\\/sl\\\/poslovni-dogodki\\\/\"}]}<\/script>\n<!-- \/ Yoast SEO plugin. -->","yoast_head_json":{"title":"Modern eingerichtete Zimmer in Bled | Bled Rose Hotel","description":"Modern eingerichtete Suiten und Zimmer vom Bled Rose Hotel sind die ideale Unterkunft in Bled. Finden sie das Fr\u00fchst\u00fcck und den Eintritt in das Hotelpool und den Fitnessraum inbegriffen im Aufenthalt. Zimmer Verf\u00fcgbarkeit pr\u00fcfen.","robots":{"index":"index","follow":"follow","max-snippet":"max-snippet:-1","max-image-preview":"max-image-preview:large","max-video-preview":"max-video-preview:-1"},"canonical":"https:\/\/bledrose.com\/de\/hotel-und-zimmer\/","og_locale":"de_DE","og_type":"article","og_title":"Modern eingerichtete Zimmer in Bled | Bled Rose Hotel","og_description":"Modern eingerichtete Suiten und Zimmer vom Bled Rose Hotel sind die ideale Unterkunft in Bled. Finden sie das Fr\u00fchst\u00fcck und den Eintritt in das Hotelpool und den Fitnessraum inbegriffen im Aufenthalt. Zimmer Verf\u00fcgbarkeit pr\u00fcfen.","og_url":"https:\/\/bledrose.com\/de\/hotel-und-zimmer\/","og_site_name":"Bled Rose","article_modified_time":"2025-07-01T09:28:11+00:00","og_image":[{"width":696,"height":675,"url":"https:\/\/bledrose.com\/wp-content\/uploads\/2023\/03\/br-logo.png","type":"image\/png"}],"twitter_card":"summary_large_image","schema":{"@context":"https:\/\/schema.org","@graph":[{"@type":"WebPage","@id":"https:\/\/bledrose.com\/de\/hotel-und-zimmer\/","url":"https:\/\/bledrose.com\/de\/hotel-und-zimmer\/","name":"Modern eingerichtete Zimmer in Bled | Bled Rose Hotel","isPartOf":{"@id":"https:\/\/bledrose.com\/sl\/#website"},"datePublished":"2019-07-02T10:27:02+00:00","dateModified":"2025-07-01T09:28:11+00:00","description":"Modern eingerichtete Suiten und Zimmer vom Bled Rose Hotel sind die ideale Unterkunft in Bled. Finden sie das Fr\u00fchst\u00fcck und den Eintritt in das Hotelpool und den Fitnessraum inbegriffen im Aufenthalt. Zimmer Verf\u00fcgbarkeit pr\u00fcfen.","breadcrumb":{"@id":"https:\/\/bledrose.com\/de\/hotel-und-zimmer\/#breadcrumb"},"inLanguage":"de","potentialAction":[{"@type":"ReadAction","target":["https:\/\/bledrose.com\/de\/hotel-und-zimmer\/"]}]},{"@type":"BreadcrumbList","@id":"https:\/\/bledrose.com\/de\/hotel-und-zimmer\/#breadcrumb","itemListElement":[{"@type":"ListItem","position":1,"name":"Home","item":"https:\/\/bledrose.com\/de\/"},{"@type":"ListItem","position":2,"name":"Hotel und Zimmer"}]},{"@type":"WebSite","@id":"https:\/\/bledrose.com\/sl\/#website","url":"https:\/\/bledrose.com\/sl\/","name":"Bled Rose","description":"Hotel, \u010daroben kot Bled","publisher":{"@id":"https:\/\/bledrose.com\/sl\/#organization"},"potentialAction":[{"@type":"SearchAction","target":{"@type":"EntryPoint","urlTemplate":"https:\/\/bledrose.com\/sl\/?s={search_term_string}"},"query-input":{"@type":"PropertyValueSpecification","valueRequired":true,"valueName":"search_term_string"}}],"inLanguage":"de"},{"@type":"Organization","@id":"https:\/\/bledrose.com\/sl\/#organization","name":"Bled Rose Hotel","alternateName":"Bled Rose","url":"https:\/\/bledrose.com\/sl\/","logo":{"@type":"ImageObject","inLanguage":"de","@id":"https:\/\/bledrose.com\/sl\/#\/schema\/logo\/image\/","url":"https:\/\/bledrose.com\/wp-content\/uploads\/2023\/03\/br-logo-1.png","contentUrl":"https:\/\/bledrose.com\/wp-content\/uploads\/2023\/03\/br-logo-1.png","width":696,"height":696,"caption":"Bled Rose Hotel"},"image":{"@id":"https:\/\/bledrose.com\/sl\/#\/schema\/logo\/image\/"}},{"@type":"SiteNavigationElement","@id":"https:\/\/bledrose.com\/de\/#nav-8999","name":"Hotel und Zimmer","url":"https:\/\/bledrose.com\/sl\/hotel-in-sobe\/"},{"@type":"SiteNavigationElement","@id":"https:\/\/bledrose.com\/de\/#nav-9000","name":"Restaurant und Lounge Bar","url":"https:\/\/bledrose.com\/sl\/kulinarika\/"},{"@type":"SiteNavigationElement","@id":"https:\/\/bledrose.com\/de\/#nav-9001","name":"Wellness","url":"https:\/\/bledrose.com\/sl\/wellness-in-selfness\/"},{"@type":"SiteNavigationElement","@id":"https:\/\/bledrose.com\/de\/#nav-9002","name":"Hochzeiten","url":"https:\/\/bledrose.com\/sl\/osebni-dogodki\/poroke\/"},{"@type":"SiteNavigationElement","@id":"https:\/\/bledrose.com\/de\/#nav-9004","name":"Romantik und Hochzeiten","url":"https:\/\/bledrose.com\/sl\/osebni-dogodki\/","hasPart":[{"@type":"SiteNavigationElement","@id":"https:\/\/bledrose.com\/de\/#nav-9005","name":"Verlobungen","url":"https:\/\/bledrose.com\/sl\/osebni-dogodki\/zaroke\/"},{"@type":"SiteNavigationElement","@id":"https:\/\/bledrose.com\/de\/#nav-9006","name":"Junggesellinnenabschiede","url":"https:\/\/bledrose.com\/sl\/osebni-dogodki\/dekliscine\/"},{"@type":"SiteNavigationElement","@id":"https:\/\/bledrose.com\/de\/#nav-9009","name":"Hochzeitstagsfeiern","url":"https:\/\/bledrose.com\/sl\/osebni-dogodki\/obletnice-poroke\/"}]},{"@type":"SiteNavigationElement","@id":"https:\/\/bledrose.com\/de\/#nav-9010","name":"Gesch\u00e4ftliche Veranstaltungen","url":"https:\/\/bledrose.com\/sl\/poslovni-dogodki\/"}]}},"_links":{"self":[{"href":"https:\/\/bledrose.com\/de\/wp-json\/wp\/v2\/pages\/1878","targetHints":{"allow":["GET"]}}],"collection":[{"href":"https:\/\/bledrose.com\/de\/wp-json\/wp\/v2\/pages"}],"about":[{"href":"https:\/\/bledrose.com\/de\/wp-json\/wp\/v2\/types\/page"}],"author":[{"embeddable":true,"href":"https:\/\/bledrose.com\/de\/wp-json\/wp\/v2\/users\/5"}],"replies":[{"embeddable":true,"href":"https:\/\/bledrose.com\/de\/wp-json\/wp\/v2\/comments?post=1878"}],"version-history":[{"count":12,"href":"https:\/\/bledrose.com\/de\/wp-json\/wp\/v2\/pages\/1878\/revisions"}],"predecessor-version":[{"id":10456,"href":"https:\/\/bledrose.com\/de\/wp-json\/wp\/v2\/pages\/1878\/revisions\/10456"}],"wp:attachment":[{"href":"https:\/\/bledrose.com\/de\/wp-json\/wp\/v2\/media?parent=1878"}],"curies":[{"name":"wp","href":"https:\/\/api.w.org\/{rel}","templated":true}]}}